{"id":999,"date":"2019-02-13T18:14:01","date_gmt":"2019-02-13T18:14:01","guid":{"rendered":"https:\/\/asia-veritas.com\/annual-subscription\/"},"modified":"2019-02-13T18:14:01","modified_gmt":"2019-02-13T18:14:01","slug":"annual-subscription","status":"publish","type":"page","link":"https:\/\/asia-veritas.com\/en\/annual-subscription\/","title":{"rendered":"Annual Subscription"},"content":{"rendered":"<hr \/>\n<h1 style=\"text-align: center;\"><span style=\"color: #ff6600;\"><strong>Inteligencia Comercial &#8211; Subscripcion Anual<\/strong><\/span><\/h1>\n<p style=\"text-align: center;\"><strong>El Peque\u00f1o Gran Paquete de Soluciones para Importadores, Tradings y Despachantes de Sudam\u00e9rica y Espa\u00f1a.<br \/>\n<\/strong><\/p>\n<p style=\"text-align: center;\"><span style=\"color: #ff0000;\"><strong>10% de descuento en paquetes Full y Medium hasta el 01\/06\/2019!!<\/strong><\/span><\/p>\n<hr \/>\n<p>&nbsp;<\/p>\n<p>video<\/p>\n<hr \/>\n<p>&nbsp;<\/p>\n<p><strong><span style=\"color: #808080;\">Acceda a Informes Modelo (Desarrollo de Productos):<\/span><br \/>\n<\/strong><\/p>\n<p><a href=\"\/?page_id=713\" target=\"_blank\" rel=\"noopener\">&#8211; Camperas calefaccionadas &#8211; (Heated jackets)<\/a><br \/>\n<span style=\"color: #0000ff;\"><a href=\"\/?page_id=673\" target=\"_blank\" rel=\"noopener\">&#8211; Racks y estanter\u00edas para dep\u00f3sitos.<\/a><br \/>\n<\/span><a href=\"\/?page_id=755\" target=\"_blank\" rel=\"noopener\">&#8211; Paraguas manos libres para ni\u00f1os (Hands Free Umbrellas)<\/a><br \/>\n<a href=\"\/?page_id=854\" target=\"_blank\" rel=\"noopener\">&#8211;\u00a0Equipos de entretenimiento VR &#8211; (Realidad Virtual)<\/a><\/p>\n<hr \/>\n<h2 style=\"text-align: center;\"><\/h2>\n<h1 style=\"text-align: left;\"><strong>Resumen del Servicio y Costos:<\/strong><\/h1>\n<p style=\"text-align: left;\"><span style=\"color: #ff6600;\"><strong>Recomendaci\u00f3n:<br \/>\n<\/strong><\/span> <span style=\"color: #000000;\"><strong>Comparta la subscripci\u00f3n anual con 1 empresa amiga y reduzca costos en un 50%.<\/strong><\/span><\/p>\n<p>&nbsp;<\/p>\n<hr \/>\n<h2><span style=\"color: #ff6600;\"><strong>\u00a0 \u00a0 \u00a0Paquete Anual Full.<\/strong><\/span><\/h2>\n<p style=\"text-align: left;\"><img loading=\"lazy\" decoding=\"async\" class=\"wp-image-628 alignleft\" src=\"https:\/\/asia-veritas.com\/wp-content\/uploads\/2019\/01\/tick-305245_960_720-300x278.png\" alt=\"\" width=\"15\" height=\"16\" srcset=\"https:\/\/asia-veritas.com\/wp-content\/uploads\/2019\/01\/tick-305245_960_720-66x66.png 66w, https:\/\/asia-veritas.com\/wp-content\/uploads\/2019\/01\/tick-305245_960_720-150x150.png 150w, https:\/\/asia-veritas.com\/wp-content\/uploads\/2019\/01\/tick-305245_960_720.png 777w\" sizes=\"(max-width: 15px) 100vw, 15px\" \/>Verificaci\u00f3n de Proveedores + Listado de Clientes a Nivel Mundial.<strong> (12 verificaciones x a\u00f1o incluidas, excedente USD 10 c\/u).<\/strong><\/p>\n<p style=\"text-align: left;\"><img loading=\"lazy\" decoding=\"async\" class=\"wp-image-628 alignleft\" src=\"https:\/\/asia-veritas.com\/wp-content\/uploads\/2019\/01\/tick-305245_960_720-300x278.png\" alt=\"\" width=\"15\" height=\"16\" srcset=\"https:\/\/asia-veritas.com\/wp-content\/uploads\/2019\/01\/tick-305245_960_720-66x66.png 66w, https:\/\/asia-veritas.com\/wp-content\/uploads\/2019\/01\/tick-305245_960_720-150x150.png 150w, https:\/\/asia-veritas.com\/wp-content\/uploads\/2019\/01\/tick-305245_960_720.png 777w\" sizes=\"(max-width: 15px) 100vw, 15px\" \/> Informes de Competencia Comercial.<strong>\u00a0(12 Informes x a\u00f1o incluidos, excedente USD 10 c\/u).<\/strong><\/p>\n<p><img loading=\"lazy\" decoding=\"async\" class=\"wp-image-628 alignleft\" src=\"https:\/\/asia-veritas.com\/wp-content\/uploads\/2019\/01\/tick-305245_960_720-300x278.png\" alt=\"\" width=\"15\" height=\"16\" srcset=\"https:\/\/asia-veritas.com\/wp-content\/uploads\/2019\/01\/tick-305245_960_720-66x66.png 66w, https:\/\/asia-veritas.com\/wp-content\/uploads\/2019\/01\/tick-305245_960_720-150x150.png 150w, https:\/\/asia-veritas.com\/wp-content\/uploads\/2019\/01\/tick-305245_960_720.png 777w\" sizes=\"(max-width: 15px) 100vw, 15px\" \/><\/p>\n<p>Desarrollo de Productos (Informes Mensuales de Oportunidades Comerciales para Importadores).<\/p>\n<p><img loading=\"lazy\" decoding=\"async\" class=\"wp-image-628 alignleft\" src=\"https:\/\/asia-veritas.com\/wp-content\/uploads\/2019\/01\/tick-305245_960_720-300x278.png\" alt=\"\" width=\"15\" height=\"16\" srcset=\"https:\/\/asia-veritas.com\/wp-content\/uploads\/2019\/01\/tick-305245_960_720-66x66.png 66w, https:\/\/asia-veritas.com\/wp-content\/uploads\/2019\/01\/tick-305245_960_720-150x150.png 150w, https:\/\/asia-veritas.com\/wp-content\/uploads\/2019\/01\/tick-305245_960_720.png 777w\" sizes=\"(max-width: 15px) 100vw, 15px\" \/>50% de Descuento en Soluciones Espec\u00edficas para su Empresa.<\/p>\n<h2 style=\"text-align: left;\"><strong>\u00a0 \u00a0 \u00a0Costo Total Anual:<\/strong><br \/>\n<span style=\"color: #ff6600;\"><strong>\u00a0 \u00a0 \u00a0 \u00a0 \u00a0 \u00a0U$S 599,00\u00a0<\/strong><\/span><\/h2>\n<p><span style=\"color: #ff0000;\">\u00a0 \u00a0 \u00a0 \u00a0 \u00a0(U$S 539 hasta el 01\/06\/2019)<\/span><\/p>\n<hr \/>\n<h2><span style=\"color: #ff6600;\"><strong>\u00a0 \u00a0 \u00a0Paquete Anual Medium.<\/strong><\/span><\/h2>\n<p style=\"text-align: left;\"><img loading=\"lazy\" decoding=\"async\" class=\"wp-image-628 alignleft\" src=\"https:\/\/asia-veritas.com\/wp-content\/uploads\/2019\/01\/tick-305245_960_720-300x278.png\" alt=\"\" width=\"15\" height=\"16\" srcset=\"https:\/\/asia-veritas.com\/wp-content\/uploads\/2019\/01\/tick-305245_960_720-66x66.png 66w, https:\/\/asia-veritas.com\/wp-content\/uploads\/2019\/01\/tick-305245_960_720-150x150.png 150w, https:\/\/asia-veritas.com\/wp-content\/uploads\/2019\/01\/tick-305245_960_720.png 777w\" sizes=\"(max-width: 15px) 100vw, 15px\" \/>Verificaci\u00f3n de Proveedores + Listado de Clientes a Nivel Mundial. <strong>(6 verificaciones x a\u00f1o incluidas, excedente USD 30 c\/u).<\/strong><\/p>\n<p style=\"text-align: left;\"><img loading=\"lazy\" decoding=\"async\" class=\"wp-image-628 alignleft\" src=\"https:\/\/asia-veritas.com\/wp-content\/uploads\/2019\/01\/tick-305245_960_720-300x278.png\" alt=\"\" width=\"15\" height=\"16\" srcset=\"https:\/\/asia-veritas.com\/wp-content\/uploads\/2019\/01\/tick-305245_960_720-66x66.png 66w, https:\/\/asia-veritas.com\/wp-content\/uploads\/2019\/01\/tick-305245_960_720-150x150.png 150w, https:\/\/asia-veritas.com\/wp-content\/uploads\/2019\/01\/tick-305245_960_720.png 777w\" sizes=\"(max-width: 15px) 100vw, 15px\" \/> Informes de Competencia Comercial.\u00a0<strong>(6 Informes x a\u00f1o incluidos, excedente USD 30 c\/u).<\/strong><\/p>\n<p><img loading=\"lazy\" decoding=\"async\" class=\"wp-image-628 alignleft\" src=\"https:\/\/asia-veritas.com\/wp-content\/uploads\/2019\/01\/tick-305245_960_720-300x278.png\" alt=\"\" width=\"15\" height=\"16\" srcset=\"https:\/\/asia-veritas.com\/wp-content\/uploads\/2019\/01\/tick-305245_960_720-66x66.png 66w, https:\/\/asia-veritas.com\/wp-content\/uploads\/2019\/01\/tick-305245_960_720-150x150.png 150w, https:\/\/asia-veritas.com\/wp-content\/uploads\/2019\/01\/tick-305245_960_720.png 777w\" sizes=\"(max-width: 15px) 100vw, 15px\" \/><\/p>\n<p>Desarrollo de Productos (Informes Mensuales de Oportunidades Comerciales para Importadores).<\/p>\n<p><img loading=\"lazy\" decoding=\"async\" class=\"wp-image-628 alignleft\" src=\"https:\/\/asia-veritas.com\/wp-content\/uploads\/2019\/01\/tick-305245_960_720-300x278.png\" alt=\"\" width=\"15\" height=\"16\" srcset=\"https:\/\/asia-veritas.com\/wp-content\/uploads\/2019\/01\/tick-305245_960_720-66x66.png 66w, https:\/\/asia-veritas.com\/wp-content\/uploads\/2019\/01\/tick-305245_960_720-150x150.png 150w, https:\/\/asia-veritas.com\/wp-content\/uploads\/2019\/01\/tick-305245_960_720.png 777w\" sizes=\"(max-width: 15px) 100vw, 15px\" \/>50% de Descuento en Soluciones Espec\u00edficas para su Empresa.<\/p>\n<h2 style=\"text-align: left;\"><strong>\u00a0 \u00a0 \u00a0Costo Total Anual:<\/strong><br \/>\n<strong><span style=\"color: #ff9900;\">\u00a0 \u00a0 \u00a0 \u00a0 \u00a0 \u00a0<span style=\"color: #ff6600;\">U$S 399,00\u00a0<\/span><\/span><\/strong><\/h2>\n<p><span style=\"color: #ff0000;\">\u00a0 \u00a0 \u00a0 \u00a0 \u00a0(U$S 359 hasta el 01\/06\/2019)<\/span><\/p>\n<hr \/>\n<h2><span style=\"color: #ff9900;\"><strong>\u00a0 \u00a0 \u00a0<span style=\"color: #ff6600;\">Paquete Anual Lite.<\/span><\/strong><\/span><\/h2>\n<h3 style=\"text-align: left;\"><img loading=\"lazy\" decoding=\"async\" class=\"wp-image-628 alignleft\" src=\"https:\/\/asia-veritas.com\/wp-content\/uploads\/2019\/01\/tick-305245_960_720-300x278.png\" alt=\"\" width=\"15\" height=\"16\" srcset=\"https:\/\/asia-veritas.com\/wp-content\/uploads\/2019\/01\/tick-305245_960_720-66x66.png 66w, https:\/\/asia-veritas.com\/wp-content\/uploads\/2019\/01\/tick-305245_960_720-150x150.png 150w, https:\/\/asia-veritas.com\/wp-content\/uploads\/2019\/01\/tick-305245_960_720.png 777w\" sizes=\"(max-width: 15px) 100vw, 15px\" \/><\/h3>\n<p>Informes Mensuales. Desarrollo de Productos (Oportunidades Comerciales para Importadores).<\/p>\n<p><strong><img loading=\"lazy\" decoding=\"async\" class=\"wp-image-628 alignleft\" src=\"https:\/\/asia-veritas.com\/wp-content\/uploads\/2019\/01\/tick-305245_960_720-300x278.png\" alt=\"\" width=\"15\" height=\"16\" srcset=\"https:\/\/asia-veritas.com\/wp-content\/uploads\/2019\/01\/tick-305245_960_720-66x66.png 66w, https:\/\/asia-veritas.com\/wp-content\/uploads\/2019\/01\/tick-305245_960_720-150x150.png 150w, https:\/\/asia-veritas.com\/wp-content\/uploads\/2019\/01\/tick-305245_960_720.png 777w\" sizes=\"(max-width: 15px) 100vw, 15px\" \/><\/strong><\/p>\n<p>50% de Descuento en Soluciones Espec\u00edficas para su Empresa.<\/p>\n<h2 style=\"text-align: left;\"><strong>\u00a0 \u00a0 \u00a0Costo Total Anual:<\/strong><br \/>\n<span style=\"color: #ff6600;\"><strong>\u00a0 \u00a0 \u00a0 \u00a0 \u00a0 \u00a0U$S 199,00\u00a0<\/strong><\/span><\/h2>\n<hr \/>\n<h2><\/h2>\n<h2 style=\"text-align: left;\"><span style=\"color: #ff6600;\"><strong>M\u00e9todos habilitados de pago:<\/strong><\/span><\/h2>\n<p><strong>Con tarjeta de Cr\u00e9dito\/Debito<\/strong><\/p>\n<p style=\"text-align: left;\"><strong><span style=\"color: #000000;\">1- Paypal: <\/span><\/strong><span style=\"color: #000000;\">pagos2@asia-veritas.com<\/span><\/p>\n<form action=\"https:\/\/www.paypal.com\/cgi-bin\/webscr\" method=\"post\" target=\"_top\"><input name=\"hosted_button_id\" type=\"hidden\" value=\"96UHZ28MFTRYL\" \/><\/p>\n<table>\n<tbody>\n<tr>\n<td><input name=\"on0\" type=\"hidden\" value=\"Subscripci\u00f3n Anual\" \/>Subscripci\u00f3n Anual<\/td>\n<\/tr>\n<tr>\n<td><select name=\"os0\"><option value=\"Full\">Full $539,00 USD<\/option><option value=\"Medium\">Medium $359,00 USD<\/option><option value=\"Lite\">Lite $199,00 USD<\/option><\/select><\/td>\n<\/tr>\n<\/tbody>\n<\/table>\n<p><input name=\"currency_code\" type=\"hidden\" value=\"USD\" \/><br \/>\n<input alt=\"PayPal, la forma r\u00e1pida y segura de pagar en Internet.\" name=\"submit\" src=\"https:\/\/www.paypalobjects.com\/es_ES\/ES\/i\/btn\/btn_buynowCC_LG.gif\" type=\"image\" \/><br \/>\n<img loading=\"lazy\" decoding=\"async\" src=\"https:\/\/www.paypalobjects.com\/en_US\/i\/scr\/pixel.gif\" alt=\"\" width=\"1\" height=\"1\" border=\"0\" \/><\/p>\n<\/form>\n<p><span style=\"color: #000000;\"><strong>2-\u00a0Mercado Pago: <\/strong>con c\u00f3digo QR\u00a0<img loading=\"lazy\" decoding=\"async\" src=\"https:\/\/www.paypalobjects.com\/en_US\/i\/scr\/pixel.gif\" alt=\"\" width=\"1\" height=\"1\" border=\"0\" \/><\/span><\/p>\n<p style=\"text-align: left;\"><img loading=\"lazy\" decoding=\"async\" class=\" wp-image-976 alignnone\" src=\"https:\/\/asia-veritas.com\/wp-content\/uploads\/2019\/02\/QR-Mercado-Pago-Asia-Veritas.jpg\" alt=\"\" width=\"261\" height=\"382\" \/><\/p>\n<p><strong>Otros medios de pago aceptados:<\/strong><\/p>\n<p><span style=\"color: #000000;\"><strong>3-<\/strong> <strong>Transferencia bancaria en Argentina<\/strong> (<strong>Alias:<\/strong> AsiaVeritas \u00f3 AsiaVeritas2).<\/span><br \/>\n<span style=\"color: #000000;\"><strong>4-<\/strong> <strong>Contado.<\/strong>\u00a0(Cotizaci\u00f3n de venta de BBVA del dia).<\/span><\/p>\n<p style=\"text-align: left;\"><span style=\"color: #ff9900;\"><strong><span style=\"color: #808080;\">Cont\u00e1ctenos:<\/span> vip@asia-veritas.com<br \/>\n<\/strong><\/span><span style=\"color: #ff9900;\"><strong><span style=\"color: #808080;\">Whatsapp: +54911 3257-3771<\/span><\/strong><\/span><\/p>\n<hr \/>\n<div class=\"video-shortcode\"><iframe loading=\"lazy\" width=\"1100\" height=\"619\" src=\"https:\/\/www.youtube.com\/embed\/QB2kVjIxSSE?feature=oembed\" frameborder=\"0\" allow=\"accelerometer; autoplay; encrypted-media; gyroscope; picture-in-picture\" allowfullscreen><\/iframe><\/div>\n","protected":false},"excerpt":{"rendered":"<p>Inteligencia Comercial &#8211; Subscripcion Anual El Peque\u00f1o Gran Paquete de [&hellip;]<\/p>\n","protected":false},"author":5,"featured_media":0,"parent":0,"menu_order":0,"comment_status":"closed","ping_status":"closed","template":"","meta":{"footnotes":""},"yoast_head":"<!-- This site is optimized with the Yoast SEO plugin v23.1 - https:\/\/yoast.com\/wordpress\/plugins\/seo\/ -->\n<title>Annual Subscription - Asia Veritas<\/title>\n<meta name=\"robots\" content=\"index, follow, max-snippet:-1, max-image-preview:large, max-video-preview:-1\" \/>\n<link rel=\"canonical\" href=\"https:\/\/asia-veritas.com\/subscripcion-anual\/\" \/>\n<meta property=\"og:locale\" content=\"en_US\" \/>\n<meta property=\"og:type\" content=\"article\" \/>\n<meta property=\"og:title\" content=\"Annual Subscription - Asia Veritas\" \/>\n<meta property=\"og:description\" content=\"Inteligencia Comercial &#8211; Subscripcion Anual El Peque\u00f1o Gran Paquete de [&hellip;]\" \/>\n<meta property=\"og:url\" content=\"https:\/\/asia-veritas.com\/subscripcion-anual\/\" \/>\n<meta property=\"og:site_name\" content=\"Asia Veritas\" \/>\n<meta property=\"og:image\" content=\"https:\/\/asia-veritas.com\/wp-content\/uploads\/2019\/01\/tick-305245_960_720-300x278.png\" \/>\n<meta name=\"twitter:card\" content=\"summary_large_image\" \/>\n<meta name=\"twitter:label1\" content=\"Est. reading time\" \/>\n\t<meta name=\"twitter:data1\" content=\"2 minutes\" \/>\n<script type=\"application\/ld+json\" class=\"yoast-schema-graph\">{\"@context\":\"https:\/\/schema.org\",\"@graph\":[{\"@type\":\"WebPage\",\"@id\":\"https:\/\/asia-veritas.com\/subscripcion-anual\/\",\"url\":\"https:\/\/asia-veritas.com\/subscripcion-anual\/\",\"name\":\"Annual Subscription - Asia Veritas\",\"isPartOf\":{\"@id\":\"https:\/\/asia-veritas.com\/#website\"},\"primaryImageOfPage\":{\"@id\":\"https:\/\/asia-veritas.com\/subscripcion-anual\/#primaryimage\"},\"image\":{\"@id\":\"https:\/\/asia-veritas.com\/subscripcion-anual\/#primaryimage\"},\"thumbnailUrl\":\"https:\/\/asia-veritas.com\/wp-content\/uploads\/2019\/01\/tick-305245_960_720-300x278.png\",\"datePublished\":\"2019-02-13T18:14:01+00:00\",\"dateModified\":\"2019-02-13T18:14:01+00:00\",\"breadcrumb\":{\"@id\":\"https:\/\/asia-veritas.com\/subscripcion-anual\/#breadcrumb\"},\"inLanguage\":\"en-US\",\"potentialAction\":[{\"@type\":\"ReadAction\",\"target\":[\"https:\/\/asia-veritas.com\/subscripcion-anual\/\"]}]},{\"@type\":\"ImageObject\",\"inLanguage\":\"en-US\",\"@id\":\"https:\/\/asia-veritas.com\/subscripcion-anual\/#primaryimage\",\"url\":\"https:\/\/asia-veritas.com\/wp-content\/uploads\/2019\/01\/tick-305245_960_720-300x278.png\",\"contentUrl\":\"https:\/\/asia-veritas.com\/wp-content\/uploads\/2019\/01\/tick-305245_960_720-300x278.png\"},{\"@type\":\"BreadcrumbList\",\"@id\":\"https:\/\/asia-veritas.com\/subscripcion-anual\/#breadcrumb\",\"itemListElement\":[{\"@type\":\"ListItem\",\"position\":1,\"name\":\"Portada\",\"item\":\"https:\/\/asia-veritas.com\/\"},{\"@type\":\"ListItem\",\"position\":2,\"name\":\"Annual Subscription\"}]},{\"@type\":\"WebSite\",\"@id\":\"https:\/\/asia-veritas.com\/#website\",\"url\":\"https:\/\/asia-veritas.com\/\",\"name\":\"Asia Veritas\",\"description\":\"Eficiencia en Localizaci\u00f3n de Proveedores\",\"potentialAction\":[{\"@type\":\"SearchAction\",\"target\":{\"@type\":\"EntryPoint\",\"urlTemplate\":\"https:\/\/asia-veritas.com\/?s={search_term_string}\"},\"query-input\":\"required name=search_term_string\"}],\"inLanguage\":\"en-US\"}]}<\/script>\n<!-- \/ Yoast SEO plugin. -->","yoast_head_json":{"title":"Annual Subscription - Asia Veritas","robots":{"index":"index","follow":"follow","max-snippet":"max-snippet:-1","max-image-preview":"max-image-preview:large","max-video-preview":"max-video-preview:-1"},"canonical":"https:\/\/asia-veritas.com\/subscripcion-anual\/","og_locale":"en_US","og_type":"article","og_title":"Annual Subscription - Asia Veritas","og_description":"Inteligencia Comercial &#8211; Subscripcion Anual El Peque\u00f1o Gran Paquete de [&hellip;]","og_url":"https:\/\/asia-veritas.com\/subscripcion-anual\/","og_site_name":"Asia Veritas","og_image":[{"url":"https:\/\/asia-veritas.com\/wp-content\/uploads\/2019\/01\/tick-305245_960_720-300x278.png"}],"twitter_card":"summary_large_image","twitter_misc":{"Est. reading time":"2 minutes"},"schema":{"@context":"https:\/\/schema.org","@graph":[{"@type":"WebPage","@id":"https:\/\/asia-veritas.com\/subscripcion-anual\/","url":"https:\/\/asia-veritas.com\/subscripcion-anual\/","name":"Annual Subscription - Asia Veritas","isPartOf":{"@id":"https:\/\/asia-veritas.com\/#website"},"primaryImageOfPage":{"@id":"https:\/\/asia-veritas.com\/subscripcion-anual\/#primaryimage"},"image":{"@id":"https:\/\/asia-veritas.com\/subscripcion-anual\/#primaryimage"},"thumbnailUrl":"https:\/\/asia-veritas.com\/wp-content\/uploads\/2019\/01\/tick-305245_960_720-300x278.png","datePublished":"2019-02-13T18:14:01+00:00","dateModified":"2019-02-13T18:14:01+00:00","breadcrumb":{"@id":"https:\/\/asia-veritas.com\/subscripcion-anual\/#breadcrumb"},"inLanguage":"en-US","potentialAction":[{"@type":"ReadAction","target":["https:\/\/asia-veritas.com\/subscripcion-anual\/"]}]},{"@type":"ImageObject","inLanguage":"en-US","@id":"https:\/\/asia-veritas.com\/subscripcion-anual\/#primaryimage","url":"https:\/\/asia-veritas.com\/wp-content\/uploads\/2019\/01\/tick-305245_960_720-300x278.png","contentUrl":"https:\/\/asia-veritas.com\/wp-content\/uploads\/2019\/01\/tick-305245_960_720-300x278.png"},{"@type":"BreadcrumbList","@id":"https:\/\/asia-veritas.com\/subscripcion-anual\/#breadcrumb","itemListElement":[{"@type":"ListItem","position":1,"name":"Portada","item":"https:\/\/asia-veritas.com\/"},{"@type":"ListItem","position":2,"name":"Annual Subscription"}]},{"@type":"WebSite","@id":"https:\/\/asia-veritas.com\/#website","url":"https:\/\/asia-veritas.com\/","name":"Asia Veritas","description":"Eficiencia en Localizaci\u00f3n de Proveedores","potentialAction":[{"@type":"SearchAction","target":{"@type":"EntryPoint","urlTemplate":"https:\/\/asia-veritas.com\/?s={search_term_string}"},"query-input":"required name=search_term_string"}],"inLanguage":"en-US"}]}},"_links":{"self":[{"href":"https:\/\/asia-veritas.com\/en\/wp-json\/wp\/v2\/pages\/999"}],"collection":[{"href":"https:\/\/asia-veritas.com\/en\/wp-json\/wp\/v2\/pages"}],"about":[{"href":"https:\/\/asia-veritas.com\/en\/wp-json\/wp\/v2\/types\/page"}],"author":[{"embeddable":true,"href":"https:\/\/asia-veritas.com\/en\/wp-json\/wp\/v2\/users\/5"}],"replies":[{"embeddable":true,"href":"https:\/\/asia-veritas.com\/en\/wp-json\/wp\/v2\/comments?post=999"}],"version-history":[{"count":0,"href":"https:\/\/asia-veritas.com\/en\/wp-json\/wp\/v2\/pages\/999\/revisions"}],"wp:attachment":[{"href":"https:\/\/asia-veritas.com\/en\/wp-json\/wp\/v2\/media?parent=999"}],"curies":[{"name":"wp","href":"https:\/\/api.w.org\/{rel}","templated":true}]}}